    {"id":3996,"date":"2025-12-19T09:37:05","date_gmt":"2025-12-19T08:37:05","guid":{"rendered":"https:\/\/distrettocibotreviso.it\/?page_id=3996"},"modified":"2025-12-22T10:13:38","modified_gmt":"2025-12-22T09:13:38","slug":"banca-della-marca","status":"publish","type":"page","link":"https:\/\/distrettocibotreviso.it\/it\/banca-della-marca\/","title":{"rendered":"Banca della Marca"},"content":{"rendered":"\t\t<div data-elementor-type=\"wp-page\" data-elementor-id=\"3996\" class=\"elementor elementor-3996\" data-elementor-post-type=\"page\">\n\t\t\t\t<div class=\"has_eae_slider elementor-element elementor-element-9e7b5e3 e-con-full e-flex e-con e-parent\" data-eae-slider=\"46022\" data-id=\"9e7b5e3\" data-element_type=\"container\">\n\t\t\t\t<div class=\"elementor-element elementor-element-c62da65 elementor-widget elementor-widget-template\" data-id=\"c62da65\" data-element_type=\"widget\" data-widget_type=\"template.default\">\n\t\t\t\t<div class=\"elementor-widget-container\">\n\t\t\t\t\t\t\t<div class=\"elementor-template\">\n\t\t\t\t\t<div data-elementor-type=\"section\" data-elementor-id=\"584\" class=\"elementor elementor-584\" data-elementor-post-type=\"elementor_library\">\n\t\t\t<div class=\"has_eae_slider elementor-element elementor-element-d419f8d e-flex e-con-boxed e-con e-parent\" data-eae-slider=\"82333\" data-id=\"d419f8d\" data-element_type=\"container\" data-settings=\"{&quot;background_background&quot;:&quot;classic&quot;}\">\n\t\t\t\t\t<div class=\"e-con-inner\">\n\t\t<div class=\"has_eae_slider elementor-element elementor-element-1f12536 e-con-full e-flex e-con e-child\" data-eae-slider=\"87427\" data-id=\"1f12536\" data-element_type=\"container\">\n\t\t\t\t<div class=\"elementor-element elementor-element-28cdd3c elementor-widget elementor-widget-heading\" data-id=\"28cdd3c\" data-element_type=\"widget\" data-widget_type=\"heading.default\">\n\t\t\t\t<div class=\"elementor-widget-container\">\n\t\t\t\t\t<h1 class=\"elementor-heading-title elementor-size-default\">Banca della Marca<\/h1>\t\t\t\t<\/div>\n\t\t\t\t<\/div>\n\t\t\t\t<\/div>\n\t\t\t\t\t<\/div>\n\t\t\t\t<\/div>\n\t\t\t\t<\/div>\n\t\t\t\t<\/div>\n\t\t\t\t\t\t<\/div>\n\t\t\t\t<\/div>\n\t\t\t\t<\/div>\n\t\t<div class=\"has_eae_slider elementor-element elementor-element-9cc0c23 e-flex e-con-boxed e-con e-parent\" data-eae-slider=\"7531\" data-id=\"9cc0c23\" data-element_type=\"container\">\n\t\t\t\t\t<div class=\"e-con-inner\">\n\t\t<div class=\"has_eae_slider elementor-element elementor-element-ae463d1 e-con-full e-flex e-con e-child\" data-eae-slider=\"81910\" data-id=\"ae463d1\" data-element_type=\"container\">\n\t\t\t\t<div class=\"elementor-element elementor-element-d8df306 elementor-widget elementor-widget-image\" data-id=\"d8df306\" data-element_type=\"widget\" data-widget_type=\"image.default\">\n\t\t\t\t<div class=\"elementor-widget-container\">\n\t\t\t\t\t\t\t\t\t\t\t\t\t\t\t<img fetchpriority=\"high\" decoding=\"async\" width=\"456\" height=\"110\" src=\"https:\/\/distrettocibotreviso.it\/wp-content\/uploads\/2025\/12\/logo-banca-della-marca.jpg\" class=\"attachment-full size-full wp-image-4001\" alt=\"\" srcset=\"https:\/\/distrettocibotreviso.it\/wp-content\/uploads\/2025\/12\/logo-banca-della-marca.jpg 456w, https:\/\/distrettocibotreviso.it\/wp-content\/uploads\/2025\/12\/logo-banca-della-marca-300x72.jpg 300w\" sizes=\"(max-width: 456px) 100vw, 456px\" \/>\t\t\t\t\t\t\t\t\t\t\t\t\t\t\t<\/div>\n\t\t\t\t<\/div>\n\t\t<div class=\"has_eae_slider elementor-element elementor-element-f323818 e-con-full e-flex e-con e-child\" data-eae-slider=\"58123\" data-id=\"f323818\" data-element_type=\"container\">\n\t\t\t\t<div class=\"elementor-element elementor-element-1126849 elementor-widget elementor-widget-heading\" data-id=\"1126849\" data-element_type=\"widget\" data-widget_type=\"heading.default\">\n\t\t\t\t<div class=\"elementor-widget-container\">\n\t\t\t\t\t<h3 class=\"elementor-heading-title elementor-size-default\">Partner del Distretto del Cibo di Treviso<\/h3>\t\t\t\t<\/div>\n\t\t\t\t<\/div>\n\t\t\t\t<\/div>\n\t\t\t\t<\/div>\n\t\t<div class=\"has_eae_slider elementor-element elementor-element-2a839d3 e-con-full e-flex e-con e-child\" data-eae-slider=\"77498\" data-id=\"2a839d3\" data-element_type=\"container\">\n\t\t\t\t<div class=\"elementor-element elementor-element-a583d28 elementor-widget elementor-widget-text-editor\" data-id=\"a583d28\" data-element_type=\"widget\" data-widget_type=\"text-editor.default\">\n\t\t\t\t<div class=\"elementor-widget-container\">\n\t\t\t\t\t\t\t\t\t<p><strong>Banca della Marca<\/strong> \u00e8 una banca di credito cooperativo <strong>radicata nel territorio della Marca Trevigiana<\/strong>. Fa parte del Gruppo Bancario Cooperativo ICCREA e opera a <strong>supporto di famiglie, imprese e comunit\u00e0 locali<\/strong>, promuovendo un modello bancario basato su cooperazione, prossimit\u00e0 e attenzione alle persone.<\/p>\n<p>Attraverso <strong>servizi finanziari dedicati e iniziative a favore del territorio<\/strong>, Banca della Marca contribuisce allo sviluppo economico e sociale locale, <strong>sostenendo progetti che valorizzano le eccellenze e le tradizioni della Marca Trevigiana<\/strong>.<\/p>\t\t\t\t\t\t\t\t<\/div>\n\t\t\t\t<\/div>\n\t\t\t\t<\/div>\n\t\t\t\t\t<\/div>\n\t\t\t\t<\/div>\n\t\t<div class=\"has_eae_slider elementor-element elementor-element-3893080 e-flex e-con-boxed e-con e-parent\" data-eae-slider=\"41071\" data-id=\"3893080\" data-element_type=\"container\" data-settings=\"{&quot;background_background&quot;:&quot;classic&quot;}\">\n\t\t\t\t\t<div class=\"e-con-inner\">\n\t\t<div class=\"has_eae_slider elementor-element elementor-element-94b8be7 e-con-full e-flex e-con e-child\" data-eae-slider=\"69670\" data-id=\"94b8be7\" data-element_type=\"container\">\n\t\t<div class=\"has_eae_slider elementor-element elementor-element-bc72f6b e-con-full e-flex e-con e-child\" data-eae-slider=\"59776\" data-id=\"bc72f6b\" data-element_type=\"container\">\n\t\t\t\t<div class=\"elementor-element elementor-element-deb1f7e elementor-widget elementor-widget-heading\" data-id=\"deb1f7e\" data-element_type=\"widget\" data-widget_type=\"heading.default\">\n\t\t\t\t<div class=\"elementor-widget-container\">\n\t\t\t\t\t<h3 class=\"elementor-heading-title elementor-size-default\">Valori e Missione<\/h3>\t\t\t\t<\/div>\n\t\t\t\t<\/div>\n\t\t\t\t<div class=\"elementor-element elementor-element-0ddc9ed elementor-widget elementor-widget-text-editor\" data-id=\"0ddc9ed\" data-element_type=\"widget\" data-widget_type=\"text-editor.default\">\n\t\t\t\t<div class=\"elementor-widget-container\">\n\t\t\t\t\t\t\t\t\t<p data-start=\"176\" data-end=\"489\">La missione di<strong> Banca della Marca<\/strong> \u00e8 <strong>sostenere la crescita economica e sociale del territorio in cui opera<\/strong>, promuovendo uno sviluppo responsabile e sostenibile. In qualit\u00e0 di banca di credito cooperativo, pone al centro la relazione con le persone, il <strong>sostegno alle realt\u00e0 locali e la valorizzazione delle comunit\u00e0<\/strong>.<\/p>\n<p data-start=\"491\" data-end=\"792\">Attraverso il supporto a iniziative culturali, sociali ed economiche, Banca della Marca conferma il proprio impegno nel<strong> favorire progetti che rafforzano l\u2019identit\u00e0 territoriale<\/strong>, le eccellenze locali e il benessere della collettivit\u00e0, contribuendo in modo concreto allo sviluppo della Marca Trevigiana.<\/p>\t\t\t\t\t\t\t\t<\/div>\n\t\t\t\t<\/div>\n\t\t\t\t<div class=\"elementor-element elementor-element-1b43ba0e elementor-align-left elementor-widget elementor-widget-button\" data-id=\"1b43ba0e\" data-element_type=\"widget\" data-widget_type=\"button.default\">\n\t\t\t\t<div class=\"elementor-widget-container\">\n\t\t\t\t\t\t\t\t\t<div class=\"elementor-button-wrapper\">\n\t\t\t\t\t<a class=\"elementor-button elementor-button-link elementor-size-sm\" href=\"https:\/\/www.bancadellamarca.it\/\" target=\"_blank\">\n\t\t\t\t\t\t<span class=\"elementor-button-content-wrapper\">\n\t\t\t\t\t\t\t\t\t<span class=\"elementor-button-text\">VAI AL SITO<\/span>\n\t\t\t\t\t<\/span>\n\t\t\t\t\t<\/a>\n\t\t\t\t<\/div>\n\t\t\t\t\t\t\t\t<\/div>\n\t\t\t\t<\/div>\n\t\t\t\t<\/div>\n\t\t\t\t<\/div>\n\t\t<div class=\"has_eae_slider elementor-element elementor-element-d9c5c5d e-con-full e-flex e-con e-child\" data-eae-slider=\"40223\" data-id=\"d9c5c5d\" data-element_type=\"container\">\n\t\t\t\t<div class=\"elementor-element elementor-element-73a0032 elementor-widget elementor-widget-image\" data-id=\"73a0032\" data-element_type=\"widget\" data-widget_type=\"image.default\">\n\t\t\t\t<div class=\"elementor-widget-container\">\n\t\t\t\t\t\t\t\t\t\t\t\t\t\t\t<img decoding=\"async\" width=\"1002\" height=\"633\" src=\"https:\/\/distrettocibotreviso.it\/wp-content\/uploads\/2025\/12\/soci.webp\" class=\"attachment-full size-full wp-image-4017\" alt=\"\" srcset=\"https:\/\/distrettocibotreviso.it\/wp-content\/uploads\/2025\/12\/soci.webp 1002w, https:\/\/distrettocibotreviso.it\/wp-content\/uploads\/2025\/12\/soci-300x190.webp 300w, https:\/\/distrettocibotreviso.it\/wp-content\/uploads\/2025\/12\/soci-768x485.webp 768w\" sizes=\"(max-width: 1002px) 100vw, 1002px\" \/>\t\t\t\t\t\t\t\t\t\t\t\t\t\t\t<\/div>\n\t\t\t\t<\/div>\n\t\t\t\t<\/div>\n\t\t\t\t\t<\/div>\n\t\t\t\t<\/div>\n\t\t<div class=\"has_eae_slider elementor-element elementor-element-ae6b1b9 e-flex e-con-boxed e-con e-parent\" data-eae-slider=\"79299\" data-id=\"ae6b1b9\" data-element_type=\"container\" data-settings=\"{&quot;background_background&quot;:&quot;classic&quot;}\">\n\t\t\t\t\t<div class=\"e-con-inner\">\n\t\t<div class=\"has_eae_slider elementor-element elementor-element-855e0f1 e-con-full e-flex e-con e-child\" data-eae-slider=\"60578\" data-id=\"855e0f1\" data-element_type=\"container\">\n\t\t\t\t<div class=\"elementor-element elementor-element-32ea032 elementor-widget elementor-widget-image\" data-id=\"32ea032\" data-element_type=\"widget\" data-widget_type=\"image.default\">\n\t\t\t\t<div class=\"elementor-widget-container\">\n\t\t\t\t\t\t\t\t\t\t\t\t\t\t\t<img decoding=\"async\" width=\"1920\" height=\"1080\" src=\"https:\/\/distrettocibotreviso.it\/wp-content\/uploads\/2025\/07\/cropped-photo-of-man-s-hand-holding-glass-of-wine.jpg\" class=\"attachment-full size-full wp-image-3550\" alt=\"\" srcset=\"https:\/\/distrettocibotreviso.it\/wp-content\/uploads\/2025\/07\/cropped-photo-of-man-s-hand-holding-glass-of-wine.jpg 1920w, https:\/\/distrettocibotreviso.it\/wp-content\/uploads\/2025\/07\/cropped-photo-of-man-s-hand-holding-glass-of-wine-300x169.jpg 300w, https:\/\/distrettocibotreviso.it\/wp-content\/uploads\/2025\/07\/cropped-photo-of-man-s-hand-holding-glass-of-wine-1024x576.jpg 1024w, https:\/\/distrettocibotreviso.it\/wp-content\/uploads\/2025\/07\/cropped-photo-of-man-s-hand-holding-glass-of-wine-768x432.jpg 768w, https:\/\/distrettocibotreviso.it\/wp-content\/uploads\/2025\/07\/cropped-photo-of-man-s-hand-holding-glass-of-wine-1536x864.jpg 1536w\" sizes=\"(max-width: 1920px) 100vw, 1920px\" \/>\t\t\t\t\t\t\t\t\t\t\t\t\t\t\t<\/div>\n\t\t\t\t<\/div>\n\t\t\t\t<\/div>\n\t\t<div class=\"has_eae_slider elementor-element elementor-element-beab9ef e-con-full e-flex e-con e-child\" data-eae-slider=\"64054\" data-id=\"beab9ef\" data-element_type=\"container\">\n\t\t<div class=\"has_eae_slider elementor-element elementor-element-ff0dd5d e-con-full e-flex e-con e-child\" data-eae-slider=\"4423\" data-id=\"ff0dd5d\" data-element_type=\"container\">\n\t\t\t\t<div class=\"elementor-element elementor-element-99c7a1b elementor-widget elementor-widget-heading\" data-id=\"99c7a1b\" data-element_type=\"widget\" data-widget_type=\"heading.default\">\n\t\t\t\t<div class=\"elementor-widget-container\">\n\t\t\t\t\t<h3 class=\"elementor-heading-title elementor-size-default\">Il contributo al Distretto del Cibo di Treviso<\/h3>\t\t\t\t<\/div>\n\t\t\t\t<\/div>\n\t\t\t\t<div class=\"elementor-element elementor-element-2c68ea9 elementor-widget elementor-widget-text-editor\" data-id=\"2c68ea9\" data-element_type=\"widget\" data-widget_type=\"text-editor.default\">\n\t\t\t\t<div class=\"elementor-widget-container\">\n\t\t\t\t\t\t\t\t\t<p><strong>Banca della Marca sostiene il Distretto del Cibo di Treviso<\/strong> riconoscendone il valore strategico per la <strong>valorizzazione delle produzioni agroalimentari locali,<\/strong> del patrimonio culturale e dello sviluppo sostenibile del territorio.<\/p>\n<p>Il contributo della banca si inserisce in un percorso di <strong>attenzione concreta verso iniziative che rafforzano l\u2019identit\u00e0 della Marca Trevigiana<\/strong> e promuovono un\u2019<strong>economia legata alle eccellenze locali<\/strong>.<\/p>\n<p>Attraverso il proprio supporto, Banca della Marca conferma il suo impegno nel<strong> favorire progetti che mettono in rete imprese, istituzioni e comunit\u00e0<\/strong>, contribuendo alla crescita del comparto agroalimentare e alla diffusione di una cultura del cibo di qualit\u00e0, profondamente connessa al territorio.<\/p>\t\t\t\t\t\t\t\t<\/div>\n\t\t\t\t<\/div>\n\t\t\t\t<\/div>\n\t\t\t\t<\/div>\n\t\t\t\t\t<\/div>\n\t\t\t\t<\/div>\n\t\t\t\t<\/div>\n\t\t","protected":false},"excerpt":{"rendered":"<p>Partner del Distretto del Cibo di Treviso Banca della Marca \u00e8 una banca di credito cooperativo radicata nel territorio della Marca Trevigiana. Fa parte del Gruppo Bancario Cooperativo ICCREA e opera a supporto di famiglie, imprese e comunit\u00e0 locali, promuovendo un modello bancario basato su cooperazione, prossimit\u00e0 e attenzione alle persone. Attraverso servizi finanziari dedicati [&hellip;]<\/p>\n","protected":false},"author":7,"featured_media":3999,"parent":0,"menu_order":0,"comment_status":"closed","ping_status":"closed","template":"","meta":{"_acf_changed":false,"footnotes":""},"class_list":["post-3996","page","type-page","status-publish","has-post-thumbnail","hentry"],"acf":[],"yoast_head":"<!-- This site is optimized with the Yoast SEO plugin v25.6 - https:\/\/yoast.com\/wordpress\/plugins\/seo\/ -->\n<title>Banca della Marca - Distretto del Cibo<\/title>\n<meta name=\"description\" content=\"Banca della Marca sostiene il Distretto del Cibo di Treviso riconoscendone il valore strategico per la valorizzazione delle produzioni locali.\" \/>\n<meta name=\"robots\" content=\"index, follow, max-snippet:-1, max-image-preview:large, max-video-preview:-1\" \/>\n<link rel=\"canonical\" href=\"https:\/\/distrettocibotreviso.it\/it\/banca-della-marca\/\" \/>\n<meta property=\"og:locale\" content=\"it_IT\" \/>\n<meta property=\"og:type\" content=\"article\" \/>\n<meta property=\"og:title\" content=\"Banca della Marca - Distretto del Cibo\" \/>\n<meta property=\"og:description\" content=\"Banca della Marca sostiene il Distretto del Cibo di Treviso riconoscendone il valore strategico per la valorizzazione delle produzioni locali.\" \/>\n<meta property=\"og:url\" content=\"https:\/\/distrettocibotreviso.it\/it\/banca-della-marca\/\" \/>\n<meta property=\"og:site_name\" content=\"Distretto del Cibo\" \/>\n<meta property=\"article:modified_time\" content=\"2025-12-22T09:13:38+00:00\" \/>\n<meta property=\"og:image\" content=\"https:\/\/distrettocibotreviso.it\/wp-content\/uploads\/2025\/12\/banca-della-marca-bk.webp\" \/>\n\t<meta property=\"og:image:width\" content=\"1600\" \/>\n\t<meta property=\"og:image:height\" content=\"1066\" \/>\n\t<meta property=\"og:image:type\" content=\"image\/webp\" \/>\n<meta name=\"twitter:card\" content=\"summary_large_image\" \/>\n<meta name=\"twitter:label1\" content=\"Tempo di lettura stimato\" \/>\n\t<meta name=\"twitter:data1\" content=\"3 minuti\" \/>\n<script type=\"application\/ld+json\" class=\"yoast-schema-graph\">{\"@context\":\"https:\/\/schema.org\",\"@graph\":[{\"@type\":\"WebPage\",\"@id\":\"https:\/\/distrettocibotreviso.it\/it\/banca-della-marca\/\",\"url\":\"https:\/\/distrettocibotreviso.it\/it\/banca-della-marca\/\",\"name\":\"Banca della Marca - Distretto del Cibo\",\"isPartOf\":{\"@id\":\"https:\/\/distrettocibotreviso.it\/it\/#website\"},\"primaryImageOfPage\":{\"@id\":\"https:\/\/distrettocibotreviso.it\/it\/banca-della-marca\/#primaryimage\"},\"image\":{\"@id\":\"https:\/\/distrettocibotreviso.it\/it\/banca-della-marca\/#primaryimage\"},\"thumbnailUrl\":\"https:\/\/distrettocibotreviso.it\/wp-content\/uploads\/2025\/12\/banca-della-marca-bk.webp\",\"datePublished\":\"2025-12-19T08:37:05+00:00\",\"dateModified\":\"2025-12-22T09:13:38+00:00\",\"description\":\"Banca della Marca sostiene il Distretto del Cibo di Treviso riconoscendone il valore strategico per la valorizzazione delle produzioni locali.\",\"breadcrumb\":{\"@id\":\"https:\/\/distrettocibotreviso.it\/it\/banca-della-marca\/#breadcrumb\"},\"inLanguage\":\"it-IT\",\"potentialAction\":[{\"@type\":\"ReadAction\",\"target\":[\"https:\/\/distrettocibotreviso.it\/it\/banca-della-marca\/\"]}]},{\"@type\":\"ImageObject\",\"inLanguage\":\"it-IT\",\"@id\":\"https:\/\/distrettocibotreviso.it\/it\/banca-della-marca\/#primaryimage\",\"url\":\"https:\/\/distrettocibotreviso.it\/wp-content\/uploads\/2025\/12\/banca-della-marca-bk.webp\",\"contentUrl\":\"https:\/\/distrettocibotreviso.it\/wp-content\/uploads\/2025\/12\/banca-della-marca-bk.webp\",\"width\":1600,\"height\":1066},{\"@type\":\"BreadcrumbList\",\"@id\":\"https:\/\/distrettocibotreviso.it\/it\/banca-della-marca\/#breadcrumb\",\"itemListElement\":[{\"@type\":\"ListItem\",\"position\":1,\"name\":\"Home\",\"item\":\"https:\/\/distrettocibotreviso.it\/it\/\"},{\"@type\":\"ListItem\",\"position\":2,\"name\":\"Banca della Marca\"}]},{\"@type\":\"WebSite\",\"@id\":\"https:\/\/distrettocibotreviso.it\/it\/#website\",\"url\":\"https:\/\/distrettocibotreviso.it\/it\/\",\"name\":\"Distretto del Cibo\",\"description\":\"\",\"publisher\":{\"@id\":\"https:\/\/distrettocibotreviso.it\/it\/#organization\"},\"potentialAction\":[{\"@type\":\"SearchAction\",\"target\":{\"@type\":\"EntryPoint\",\"urlTemplate\":\"https:\/\/distrettocibotreviso.it\/it\/?s={search_term_string}\"},\"query-input\":{\"@type\":\"PropertyValueSpecification\",\"valueRequired\":true,\"valueName\":\"search_term_string\"}}],\"inLanguage\":\"it-IT\"},{\"@type\":\"Organization\",\"@id\":\"https:\/\/distrettocibotreviso.it\/it\/#organization\",\"name\":\"Distretto del Cibo\",\"url\":\"https:\/\/distrettocibotreviso.it\/it\/\",\"logo\":{\"@type\":\"ImageObject\",\"inLanguage\":\"it-IT\",\"@id\":\"https:\/\/distrettocibotreviso.it\/it\/#\/schema\/logo\/image\/\",\"url\":\"https:\/\/distrettocibotreviso.it\/wp-content\/uploads\/2025\/04\/DistrettoDelCibo-Logo.webp\",\"contentUrl\":\"https:\/\/distrettocibotreviso.it\/wp-content\/uploads\/2025\/04\/DistrettoDelCibo-Logo.webp\",\"width\":1962,\"height\":1410,\"caption\":\"Distretto del Cibo\"},\"image\":{\"@id\":\"https:\/\/distrettocibotreviso.it\/it\/#\/schema\/logo\/image\/\"}}]}<\/script>\n<!-- \/ Yoast SEO plugin. -->","yoast_head_json":{"title":"Banca della Marca - Distretto del Cibo","description":"Banca della Marca sostiene il Distretto del Cibo di Treviso riconoscendone il valore strategico per la valorizzazione delle produzioni locali.","robots":{"index":"index","follow":"follow","max-snippet":"max-snippet:-1","max-image-preview":"max-image-preview:large","max-video-preview":"max-video-preview:-1"},"canonical":"https:\/\/distrettocibotreviso.it\/it\/banca-della-marca\/","og_locale":"it_IT","og_type":"article","og_title":"Banca della Marca - Distretto del Cibo","og_description":"Banca della Marca sostiene il Distretto del Cibo di Treviso riconoscendone il valore strategico per la valorizzazione delle produzioni locali.","og_url":"https:\/\/distrettocibotreviso.it\/it\/banca-della-marca\/","og_site_name":"Distretto del Cibo","article_modified_time":"2025-12-22T09:13:38+00:00","og_image":[{"width":1600,"height":1066,"url":"https:\/\/distrettocibotreviso.it\/wp-content\/uploads\/2025\/12\/banca-della-marca-bk.webp","type":"image\/webp"}],"twitter_card":"summary_large_image","twitter_misc":{"Tempo di lettura stimato":"3 minuti"},"schema":{"@context":"https:\/\/schema.org","@graph":[{"@type":"WebPage","@id":"https:\/\/distrettocibotreviso.it\/it\/banca-della-marca\/","url":"https:\/\/distrettocibotreviso.it\/it\/banca-della-marca\/","name":"Banca della Marca - Distretto del Cibo","isPartOf":{"@id":"https:\/\/distrettocibotreviso.it\/it\/#website"},"primaryImageOfPage":{"@id":"https:\/\/distrettocibotreviso.it\/it\/banca-della-marca\/#primaryimage"},"image":{"@id":"https:\/\/distrettocibotreviso.it\/it\/banca-della-marca\/#primaryimage"},"thumbnailUrl":"https:\/\/distrettocibotreviso.it\/wp-content\/uploads\/2025\/12\/banca-della-marca-bk.webp","datePublished":"2025-12-19T08:37:05+00:00","dateModified":"2025-12-22T09:13:38+00:00","description":"Banca della Marca sostiene il Distretto del Cibo di Treviso riconoscendone il valore strategico per la valorizzazione delle produzioni locali.","breadcrumb":{"@id":"https:\/\/distrettocibotreviso.it\/it\/banca-della-marca\/#breadcrumb"},"inLanguage":"it-IT","potentialAction":[{"@type":"ReadAction","target":["https:\/\/distrettocibotreviso.it\/it\/banca-della-marca\/"]}]},{"@type":"ImageObject","inLanguage":"it-IT","@id":"https:\/\/distrettocibotreviso.it\/it\/banca-della-marca\/#primaryimage","url":"https:\/\/distrettocibotreviso.it\/wp-content\/uploads\/2025\/12\/banca-della-marca-bk.webp","contentUrl":"https:\/\/distrettocibotreviso.it\/wp-content\/uploads\/2025\/12\/banca-della-marca-bk.webp","width":1600,"height":1066},{"@type":"BreadcrumbList","@id":"https:\/\/distrettocibotreviso.it\/it\/banca-della-marca\/#breadcrumb","itemListElement":[{"@type":"ListItem","position":1,"name":"Home","item":"https:\/\/distrettocibotreviso.it\/it\/"},{"@type":"ListItem","position":2,"name":"Banca della Marca"}]},{"@type":"WebSite","@id":"https:\/\/distrettocibotreviso.it\/it\/#website","url":"https:\/\/distrettocibotreviso.it\/it\/","name":"Distretto del Cibo","description":"","publisher":{"@id":"https:\/\/distrettocibotreviso.it\/it\/#organization"},"potentialAction":[{"@type":"SearchAction","target":{"@type":"EntryPoint","urlTemplate":"https:\/\/distrettocibotreviso.it\/it\/?s={search_term_string}"},"query-input":{"@type":"PropertyValueSpecification","valueRequired":true,"valueName":"search_term_string"}}],"inLanguage":"it-IT"},{"@type":"Organization","@id":"https:\/\/distrettocibotreviso.it\/it\/#organization","name":"Distretto del Cibo","url":"https:\/\/distrettocibotreviso.it\/it\/","logo":{"@type":"ImageObject","inLanguage":"it-IT","@id":"https:\/\/distrettocibotreviso.it\/it\/#\/schema\/logo\/image\/","url":"https:\/\/distrettocibotreviso.it\/wp-content\/uploads\/2025\/04\/DistrettoDelCibo-Logo.webp","contentUrl":"https:\/\/distrettocibotreviso.it\/wp-content\/uploads\/2025\/04\/DistrettoDelCibo-Logo.webp","width":1962,"height":1410,"caption":"Distretto del Cibo"},"image":{"@id":"https:\/\/distrettocibotreviso.it\/it\/#\/schema\/logo\/image\/"}}]}},"_links":{"self":[{"href":"https:\/\/distrettocibotreviso.it\/it\/wp-json\/wp\/v2\/pages\/3996","targetHints":{"allow":["GET"]}}],"collection":[{"href":"https:\/\/distrettocibotreviso.it\/it\/wp-json\/wp\/v2\/pages"}],"about":[{"href":"https:\/\/distrettocibotreviso.it\/it\/wp-json\/wp\/v2\/types\/page"}],"author":[{"embeddable":true,"href":"https:\/\/distrettocibotreviso.it\/it\/wp-json\/wp\/v2\/users\/7"}],"replies":[{"embeddable":true,"href":"https:\/\/distrettocibotreviso.it\/it\/wp-json\/wp\/v2\/comments?post=3996"}],"version-history":[{"count":25,"href":"https:\/\/distrettocibotreviso.it\/it\/wp-json\/wp\/v2\/pages\/3996\/revisions"}],"predecessor-version":[{"id":4030,"href":"https:\/\/distrettocibotreviso.it\/it\/wp-json\/wp\/v2\/pages\/3996\/revisions\/4030"}],"wp:featuredmedia":[{"embeddable":true,"href":"https:\/\/distrettocibotreviso.it\/it\/wp-json\/wp\/v2\/media\/3999"}],"wp:attachment":[{"href":"https:\/\/distrettocibotreviso.it\/it\/wp-json\/wp\/v2\/media?parent=3996"}],"curies":[{"name":"wp","href":"https:\/\/api.w.org\/{rel}","templated":true}]}}